{"id":48,"date":"2010-06-14T16:14:10","date_gmt":"2010-06-14T14:14:10","guid":{"rendered":"http:\/\/www.heimatverein-voerde.de\/blog\/?page_id=48"},"modified":"2021-05-11T11:47:04","modified_gmt":"2021-05-11T10:47:04","slug":"kontakt","status":"publish","type":"page","link":"https:\/\/www.heimatverein-voerde.de\/?page_id=48","title":{"rendered":"Kontakt"},"content":{"rendered":"<pre>Email-Adresse: <a href=\"mailto:vorstand@heimatverein-voerde.de\">vorstand@heimatverein-voerde.de<\/a><\/pre>\n<pre><span style=\"text-decoration: underline;\">1.Vorsitzender<\/span>\r\nHans Martin Heimhardt\r\nBehlinger Weg 70a\r\n58256 Ennepetal\r\nTel.: 02333 \/ 61 42 19<\/pre>\n<pre><span style=\"text-decoration: underline;\">2.Vorsitzender<\/span>\r\nRobert D\u00f6rnen\r\nAm Timmerbeul 6\r\n58256 Ennepetal\r\nTel.: 02333 \/ 7 11 44<\/pre>\n<pre><span style=\"text-decoration: underline;\">Gesch\u00e4ftsf\u00fchrerin, Redaktion Heimatbl\u00e4ttchen<\/span>\r\nRita Waescher\r\nHinnenberger Stra\u00dfe 46a\r\n58256 Ennepetal\r\nTel.: 02333 \/ 6085703<\/pre>\n<pre><span style=\"text-decoration: underline;\">Kassierer<\/span>\r\nMatthias Wutzke\r\nDeller Str. 20a \r\n58339 Breckerfeld \r\nTel.: 02338 \/ 8738007<\/pre>\n","protected":false},"excerpt":{"rendered":"<p>Email-Adresse: vorstand@heimatverein-voerde.de 1.Vorsitzender Hans Martin Heimhardt Behlinger Weg 70a 58256 Ennepetal Tel.: 02333 \/ 61 42 19 2.Vorsitzender Robert D\u00f6rnen Am Timmerbeul 6 58256 Ennepetal Tel.: 02333 \/ 7 11 44 Gesch\u00e4ftsf\u00fchrerin, Redaktion Heimatbl\u00e4ttchen Rita Waescher Hinnenberger Stra\u00dfe 46a 58256 &hellip; <a href=\"https:\/\/www.heimatverein-voerde.de\/?page_id=48\">Weiterlesen <span class=\"meta-nav\">&rarr;<\/span><\/a><\/p>\n","protected":false},"author":1,"featured_media":0,"parent":0,"menu_order":5,"comment_status":"closed","ping_status":"closed","template":"","meta":{"_exactmetrics_skip_tracking":false,"_exactmetrics_sitenote_active":false,"_exactmetrics_sitenote_note":"","_exactmetrics_sitenote_category":0,"footnotes":""},"class_list":["post-48","page","type-page","status-publish","hentry"],"jetpack_sharing_enabled":true,"_links":{"self":[{"href":"https:\/\/www.heimatverein-voerde.de\/index.php?rest_route=\/wp\/v2\/pages\/48","targetHints":{"allow":["GET"]}}],"collection":[{"href":"https:\/\/www.heimatverein-voerde.de\/index.php?rest_route=\/wp\/v2\/pages"}],"about":[{"href":"https:\/\/www.heimatverein-voerde.de\/index.php?rest_route=\/wp\/v2\/types\/page"}],"author":[{"embeddable":true,"href":"https:\/\/www.heimatverein-voerde.de\/index.php?rest_route=\/wp\/v2\/users\/1"}],"replies":[{"embeddable":true,"href":"https:\/\/www.heimatverein-voerde.de\/index.php?rest_route=%2Fwp%2Fv2%2Fcomments&post=48"}],"version-history":[{"count":33,"href":"https:\/\/www.heimatverein-voerde.de\/index.php?rest_route=\/wp\/v2\/pages\/48\/revisions"}],"predecessor-version":[{"id":1637,"href":"https:\/\/www.heimatverein-voerde.de\/index.php?rest_route=\/wp\/v2\/pages\/48\/revisions\/1637"}],"wp:attachment":[{"href":"https:\/\/www.heimatverein-voerde.de\/index.php?rest_route=%2Fwp%2Fv2%2Fmedia&parent=48"}],"curies":[{"name":"wp","href":"https:\/\/api.w.org\/{rel}","templated":true}]}}