{"id":49,"date":"2010-06-14T16:14:30","date_gmt":"2010-06-14T14:14:30","guid":{"rendered":"http:\/\/www.heimatverein-voerde.de\/blog\/?page_id=49"},"modified":"2019-10-29T13:45:02","modified_gmt":"2019-10-29T12:45:02","slug":"impressum","status":"publish","type":"page","link":"https:\/\/www.heimatverein-voerde.de\/?page_id=49","title":{"rendered":"Impressum"},"content":{"rendered":"<h3>\u00a0<strong>Heimatverein Voerde in Ennepetal e.V.<\/strong><\/h3>\n<p>Gem\u00e4\u00df \u00a7 28 BDSG widersprechen wir jeder kommerziellen Verwendung und Weitergabe unserer Daten.<\/p>\n<p><strong>Verantwortungsbereich<\/strong>:<br \/>\nDas Impressum gilt nur f\u00fcr die Internetpr\u00e4senz unter der Adresse: www.heimatverein-voerde.de<\/p>\n<p><strong>Abgrenzung:<\/strong><br \/>\nDie Web-Pr\u00e4senz ist Teil des WWW und dementsprechend mit fremden, sich jederzeit wandeln k\u00f6nnenden Web-Sites verkn\u00fcpft, die folglich auch nicht diesem Verantwortungsbereich unterliegen und f\u00fcr die nachfolgende Informationen nicht gelten. Dass die Links weder gegen Sitten noch Gesetze versto\u00dfen, wurde genau ein mal gepr\u00fcft: bevor sie hier aufgenommen wurden. Solche Links, die zu fremden Webprojekten f\u00fchren, erkennen Sie daran: Ein neues Browserfenster wird gestartet.<\/p>\n<p><strong>Diensteanbieter<\/strong>:<br \/>\nHeimatverein Voerde in Ennepetal e.V.<\/p>\n<p><strong>Registriert<\/strong> unter: Vereinsregister Schwelm, Nr. 89 VR 491<\/p>\n<p><strong>Verantwortlich:<\/strong><br \/>\n1. Vorsitzender Hans Martin Heimhardt, Behlinger Weg 70a, 58256 Ennepetal<\/p>\n<p><strong>Elektronische Postadresse<\/strong>:<br \/>\nvorstand@heimatverein-voerde.de<\/p>\n<p><strong>Schnelle elektronische und unmittelbare Kommunikation: <\/strong><br \/>\nTelefon: +49 2333 614219<\/p>\n<p><strong>Journalistisch-Redaktionelle Verantwortung<\/strong> :<br \/>\n1. Vorsitzender Hans Martin Heimhardt, Behlinger Weg 70a, 58256 Ennepetal<\/p>\n<p><strong>Urheberschutz und Nutzung<\/strong><br \/>\nDer Urheber r\u00e4umt Ihnen ganz konkret das Nutzungsrecht ein, sich eine private Kopie f\u00fcr pers\u00f6nliche Zwecke anzufertigen. Nicht berechtigt sind Sie dagegen, die Materialien zu ver\u00e4ndern und \/oder weiter zu geben oder gar selbst zu ver\u00f6ffentlichen.<br \/>\nWenn nicht ausdr\u00fccklich anders vermerkt, liegen die Urheberrechte f\u00fcr Texte bei:\u00a0Heimatverein Voerde in Ennepetal e.V.<\/p>\n<p>Die meisten grafischen Inhalte unterliegen den Urheberrechten von: Heimatverein Voerde in Ennepetal e.V.<\/p>\n<p><strong>Datenschutz:<\/strong> Personenbezogene Daten werden nur mit Ihrem Wissen und Ihrer Einwilligung erhoben. Beachten Sie auch unsere <a href=\"http:\/\/www.heimatverein-voerde.de\/?page_id=1312\">Datenschutzerkl\u00e4rung<\/a>. Auf Antrag erhalten Sie unentgeltlich Auskunft \u00fcber die \u00fcber Sie gespeicherten personenbezogenen Daten.\u00a0 Wenden Sie sich dazu bitte an: <a href=\"mailto:vorstand@heimatverein-voerde.de\">vorstand@heimatverein-voerde.de<\/a><\/p>\n<p><strong>Keine Haftung<\/strong>: Die Inhalte dieses Webprojektes wurden sorgf\u00e4ltig gepr\u00fcft und nach bestem Wissen erstellt. Aber f\u00fcr die hier dargebotenen Informationen wird kein Anspruch auf Vollst\u00e4ndigkeit, Aktualit\u00e4t, Qualit\u00e4t und Richtigkeit erhoben. Es kann keine Verantwortung f\u00fcr Sch\u00e4den \u00fcbernommen werden, die durch das Vertrauen auf die Inhalte dieser Website oder deren Gebrauch entstehen.<\/p>\n<p><strong>Schutzrechtsverletzung<\/strong>: Falls Sie vermuten, dass von dieser Website aus eines Ihrer Schutzrechte verletzt wird, teilen Sie das bitte umgehend per <a href=\"mailto:vorstand@heimatverein-voerde.de\">elektronischer Post<\/a> mit, damit z\u00fcgig Abhilfe geschaffen werden kann. Bitte nehmen Sie zur Kenntnis: Die zeitaufw\u00e4ndigere Einschaltung eines Anwaltes zur f\u00fcr den Diensteanbieter kostenpflichtigen Abmahnung entspricht nicht dessen wirklichen oder mutma\u00dflichen Willen.<\/p>\n","protected":false},"excerpt":{"rendered":"<p>\u00a0Heimatverein Voerde in Ennepetal e.V. Gem\u00e4\u00df \u00a7 28 BDSG widersprechen wir jeder kommerziellen Verwendung und Weitergabe unserer Daten. Verantwortungsbereich: Das Impressum gilt nur f\u00fcr die Internetpr\u00e4senz unter der Adresse: www.heimatverein-voerde.de Abgrenzung: Die Web-Pr\u00e4senz ist Teil des WWW und dementsprechend mit &hellip; <a href=\"https:\/\/www.heimatverein-voerde.de\/?page_id=49\">Weiterlesen <span class=\"meta-nav\">&rarr;<\/span><\/a><\/p>\n","protected":false},"author":1,"featured_media":0,"parent":0,"menu_order":6,"comment_status":"closed","ping_status":"closed","template":"","meta":{"_exactmetrics_skip_tracking":false,"_exactmetrics_sitenote_active":false,"_exactmetrics_sitenote_note":"","_exactmetrics_sitenote_category":0,"footnotes":""},"class_list":["post-49","page","type-page","status-publish","hentry"],"jetpack_sharing_enabled":true,"_links":{"self":[{"href":"https:\/\/www.heimatverein-voerde.de\/index.php?rest_route=\/wp\/v2\/pages\/49","targetHints":{"allow":["GET"]}}],"collection":[{"href":"https:\/\/www.heimatverein-voerde.de\/index.php?rest_route=\/wp\/v2\/pages"}],"about":[{"href":"https:\/\/www.heimatverein-voerde.de\/index.php?rest_route=\/wp\/v2\/types\/page"}],"author":[{"embeddable":true,"href":"https:\/\/www.heimatverein-voerde.de\/index.php?rest_route=\/wp\/v2\/users\/1"}],"replies":[{"embeddable":true,"href":"https:\/\/www.heimatverein-voerde.de\/index.php?rest_route=%2Fwp%2Fv2%2Fcomments&post=49"}],"version-history":[{"count":15,"href":"https:\/\/www.heimatverein-voerde.de\/index.php?rest_route=\/wp\/v2\/pages\/49\/revisions"}],"predecessor-version":[{"id":1548,"href":"https:\/\/www.heimatverein-voerde.de\/index.php?rest_route=\/wp\/v2\/pages\/49\/revisions\/1548"}],"wp:attachment":[{"href":"https:\/\/www.heimatverein-voerde.de\/index.php?rest_route=%2Fwp%2Fv2%2Fmedia&parent=49"}],"curies":[{"name":"wp","href":"https:\/\/api.w.org\/{rel}","templated":true}]}}